{"id":1567,"date":"2023-03-06T15:28:45","date_gmt":"2023-03-06T15:28:45","guid":{"rendered":"https:\/\/cirurgiadojoelho.pt\/privacy-policy\/"},"modified":"2025-10-22T15:50:56","modified_gmt":"2025-10-22T15:50:56","slug":"privacy-policy","status":"publish","type":"page","link":"https:\/\/cirurgiadojoelho.pt\/en\/privacy-policy\/","title":{"rendered":"Privacy Policy"},"content":{"rendered":"\t\t<div data-elementor-type=\"wp-page\" data-elementor-id=\"1567\" class=\"elementor elementor-1567 elementor-3\" data-elementor-post-type=\"page\">\n\t\t\t\t\t\t<section class=\"elementor-section elementor-top-section elementor-element elementor-element-c6fa958 elementor-section-boxed elementor-section-height-default elementor-section-height-default\" data-id=\"c6fa958\" data-element_type=\"section\" data-e-type=\"section\" data-settings=\"{&quot;background_background&quot;:&quot;classic&quot;}\">\n\t\t\t\t\t\t\t<div class=\"elementor-background-overlay\"><\/div>\n\t\t\t\t\t\t\t<div class=\"elementor-container elementor-column-gap-default\">\n\t\t\t\t\t<div class=\"elementor-column elementor-col-100 elementor-top-column elementor-element elementor-element-693028a\" data-id=\"693028a\" data-element_type=\"column\" data-e-type=\"column\">\n\t\t\t<div class=\"elementor-widget-wrap elementor-element-populated\">\n\t\t\t\t\t\t<div class=\"elementor-element elementor-element-63741b9 elementor-widget elementor-widget-heading\" data-id=\"63741b9\" data-element_type=\"widget\" data-e-type=\"widget\" data-widget_type=\"heading.default\">\n\t\t\t\t<div class=\"elementor-widget-container\">\n\t\t\t\t\t<h2 class=\"elementor-heading-title elementor-size-default\">Privacy Policy<\/h2>\t\t\t\t<\/div>\n\t\t\t\t<\/div>\n\t\t\t\t<div class=\"elementor-element elementor-element-4457129 elementor-widget elementor-widget-heading\" data-id=\"4457129\" data-element_type=\"widget\" data-e-type=\"widget\" data-widget_type=\"heading.default\">\n\t\t\t\t<div class=\"elementor-widget-container\">\n\t\t\t\t\t<h6 class=\"elementor-heading-title elementor-size-default\">Knee Surgery<\/h6>\t\t\t\t<\/div>\n\t\t\t\t<\/div>\n\t\t\t\t\t<\/div>\n\t\t<\/div>\n\t\t\t\t\t<\/div>\n\t\t<\/section>\n\t\t\t\t<section class=\"elementor-section elementor-top-section elementor-element elementor-element-1fa44c7 elementor-section-boxed elementor-section-height-default elementor-section-height-default\" data-id=\"1fa44c7\" data-element_type=\"section\" data-e-type=\"section\">\n\t\t\t\t\t\t<div class=\"elementor-container elementor-column-gap-no\">\n\t\t\t\t\t<div class=\"elementor-column elementor-col-100 elementor-top-column elementor-element elementor-element-4ca68c2\" data-id=\"4ca68c2\" data-element_type=\"column\" data-e-type=\"column\">\n\t\t\t<div class=\"elementor-widget-wrap elementor-element-populated\">\n\t\t\t\t\t\t<div class=\"elementor-element elementor-element-b0b62a2 elementor-widget elementor-widget-text-editor\" data-id=\"b0b62a2\" data-element_type=\"widget\" data-e-type=\"widget\" data-widget_type=\"text-editor.default\">\n\t\t\t\t<div class=\"elementor-widget-container\">\n\t\t\t\t\t\t\t\t\t<p>Your privacy, confidentiality, availability and integrity of your personal data are a priority for us and we are therefore seriously committed to treating them in a dignified and secure manner.<br>This Privacy Policy governs the processing of users \u201cpersonal data collected in connection with the use of the website at www.cirurgiadojoelho.pt and reflects the organization&#8217;s commitment to privacy and the proper processing of data subjects\u201d personal data.<br>The provision of personal data in connection with the use of the website implies knowledge and express acceptance of the conditions contained in this policy.<\/p><p>WHO IS RESPONSIBLE FOR THE PROCESSING OF YOUR PERSONAL DATA?<br>The entity responsible for the processing of your personal data is Cirurgia do Joelho, represented here by the commercial company Lu\u00eds Leonardo Machado, LDA., which determines the purposes and means of processing the personal data. To this end, if the owner of the personal data needs to contact the person responsible for processing the personal data, they can do so by sending an email to geral@cirurgiadojoelho.pt.<\/p><p>WHAT PERSONAL DATA DO WE PROCESS, FOR HOW LONG AND FOR WHAT PURPOSES?<br>We will only process your personal data to the strict extent that it is indispensable to ensure the proper functioning of this website, ensuring that you enjoy all its features, as well as the provision of our services, in accordance with the General Regulation on the Protection of Personal Data (GDPR), Law no. 58\/2019, of August 8 (law that ensures the implementation of the national legal order), Directive 2002\/59\/EC, of July 12, 2002 (directive on the processing of personal data), and Directive 2002\/59\/EC, of July 12, 2002 (directive on the processing of personal data).\u00ba 58\/2019, of August 8 (law that ensures the implementation, in the national legal order, of the GDPR), Directive 2002\/58\/EC, of July 12, 2002 (directive on the processing of personal data and the protection of privacy in the electronic communications sector), Law no. 41\/2004, of August 18 (law that transposes the aforementioned Directive 2002\/58\/EC into the national legal order), and with other applicable legislation on privacy and the protection of personal data.<br>Your personal data will be deleted or anonymized as soon as the purposes for which it was processed cease to exist, without prejudice to situations in which the law, or an overriding reason, legitimizes or imposes its retention for longer periods of time.<br>Below, we will provide you with all the information about the processing of your personal data carried out by us on this website, namely the respective purposes, bases of lawfulness, categories of personal data involved and retention periods applied. We will also provide you with information on your rights regarding the protection of personal data, as well as the technical and organizational measures we have adopted to guarantee your privacy. <br>1. Information requests<br>If you would like to make an information request, we provide you with the necessary channels on our website by filling in our contact form.<br>Your personal data (name, e-mail address and content of the request for information) will be processed in compliance with legal obligations, or in the legitimate interest of Cirurgia do Joelho in following up and responding to your requests.<br>The personal data collected must be stored in such a way that it can only be identified for the period considered appropriate and\/or necessary to fulfill the purposes for which it was collected.<br>Whenever there is no specific legal requirement, the data will be stored and kept only for the minimum period necessary for the purpose for which it was collected or further processed, after which it will be deleted.<\/p><p>TO WHOM CAN WE PASS ON YOUR PERSONAL DATA?<br>Your personal data may be shared with other companies that own the Cirurgia do Joelho brand, namely Ramos &amp; Correia de Jesus, LDA and Lu\u00eds Barbosa, Servi\u00e7os M\u00e9dicos, LDA, as well as with clinics which we have partnerships for the provision of our medical services and with partner companies (subcontractors) whose involvement is essential to ensure the proper operation of this website, allowing you to benefit from all its features, as well as the provision of our services \u2014 namely IT companies and digital marketing agencies.<br>Whenever these companies process your personal data on our behalf and under our instructions, we guarantee the same level of security and privacy in such processing. <\/p><p>WHAT ARE YOUR PERSONAL DATA PROTECTION RIGHTS AND HOW CAN YOU EXERCISE THEM?<br>As the holder of personal data, you may, at any time, revoke the consent you have given us for any processing, as well as exercise your other data protection rights &#8211; right of access, right to rectification, right to erasure, right to restriction, right to portability and right to object &#8211; by sending a request to the following email address: geral@cirurgiadojoelho.pt.<br>It is important that you use the email address provided above, and not any other means of contact, for the purposes of exercising your rights regarding the protection of personal data, since this is the only way to ensure the centralization of requests, guaranteeing the security of their processing, the regular validation of ownership and an adequate and timely response.<br>With regard to the possibility of revoking any consent given, it should be noted that this does not invalidate the processing of personal data carried out until then.<br>We will carefully analyze your requests, assessing their legitimacy and relevance, and pledging to respond within the legal deadline.  <br>If you feel that we have not respected your rights, you can file a complaint with the National Data Protection Commission (CNPD): <br>Address: Av. D. Carlos I, 134 &#8211; 1.\u00ba, 1200-651 &#8211; Lisboa<br>Telephone: +351 213 928 400<br>Fax: +351 213 976 832 <br>E-mail: geral@cnpd.pt <\/p><p>HOW DO WE PROTECT YOUR PERSONAL DATA?<br>We apply the appropriate technical and organizational measures to protect your personal data, in accordance with best practices in the market.<br>Administrative, technical and physical measures, technological controls and procedures are adopted to prevent the improper or unauthorized use, access, disclosure or destruction of your personal data.<br>Notwithstanding the security measures practiced by us, the user must adopt additional security measures, such as ensuring that they use equipment and a browser that is up-to-date in terms of security and properly configured, with an active firewall, antivirus and anti-spyware, and make sure that the sites they visit on the internet are authentic, avoiding websites whose reputation they do not trust.<\/p><p>This Privacy Policy may be reviewed and updated at any time, and you will always be guaranteed the appropriate information on this website: www.cirurgiadojoelho.pt.<\/p><p>Lisboa, 21\/10\/2025<\/p>\t\t\t\t\t\t\t\t<\/div>\n\t\t\t\t<\/div>\n\t\t\t\t\t<\/div>\n\t\t<\/div>\n\t\t\t\t\t<\/div>\n\t\t<\/section>\n\t\t\t\t<section class=\"elementor-section elementor-top-section elementor-element elementor-element-19c1a7f elementor-section-boxed elementor-section-height-default elementor-section-height-default\" data-id=\"19c1a7f\" data-element_type=\"section\" data-e-type=\"section\">\n\t\t\t\t\t\t<div class=\"elementor-container elementor-column-gap-default\">\n\t\t\t\t\t<div class=\"elementor-column elementor-col-100 elementor-top-column elementor-element elementor-element-11e4605\" data-id=\"11e4605\" data-element_type=\"column\" data-e-type=\"column\">\n\t\t\t<div class=\"elementor-widget-wrap elementor-element-populated\">\n\t\t\t\t\t\t<div class=\"elementor-element elementor-element-4b2536f elementor-widget-divider--view-line elementor-widget elementor-widget-divider\" data-id=\"4b2536f\" data-element_type=\"widget\" data-e-type=\"widget\" data-widget_type=\"divider.default\">\n\t\t\t\t<div class=\"elementor-widget-container\">\n\t\t\t\t\t\t\t<div class=\"elementor-divider\">\n\t\t\t<span class=\"elementor-divider-separator\">\n\t\t\t\t\t\t<\/span>\n\t\t<\/div>\n\t\t\t\t\t\t<\/div>\n\t\t\t\t<\/div>\n\t\t\t\t\t<\/div>\n\t\t<\/div>\n\t\t\t\t\t<\/div>\n\t\t<\/section>\n\t\t\t\t<\/div>\n\t\t","protected":false},"excerpt":{"rendered":"<p>Privacy Policy Knee Surgery Your privacy, confidentiality, availability and integrity of your personal data are a priority for us and we are therefore seriously committed to treating them in a dignified and secure manner.This Privacy Policy governs the processing of users \u201cpersonal data collected in connection with the use of the website at www.cirurgiadojoelho.pt and [&hellip;]<\/p>\n","protected":false},"author":1,"featured_media":0,"parent":0,"menu_order":0,"comment_status":"closed","ping_status":"closed","template":"","meta":{"footnotes":""},"class_list":["post-1567","page","type-page","status-publish","hentry"],"_links":{"self":[{"href":"https:\/\/cirurgiadojoelho.pt\/en\/wp-json\/wp\/v2\/pages\/1567","targetHints":{"allow":["GET"]}}],"collection":[{"href":"https:\/\/cirurgiadojoelho.pt\/en\/wp-json\/wp\/v2\/pages"}],"about":[{"href":"https:\/\/cirurgiadojoelho.pt\/en\/wp-json\/wp\/v2\/types\/page"}],"author":[{"embeddable":true,"href":"https:\/\/cirurgiadojoelho.pt\/en\/wp-json\/wp\/v2\/users\/1"}],"replies":[{"embeddable":true,"href":"https:\/\/cirurgiadojoelho.pt\/en\/wp-json\/wp\/v2\/comments?post=1567"}],"version-history":[{"count":4,"href":"https:\/\/cirurgiadojoelho.pt\/en\/wp-json\/wp\/v2\/pages\/1567\/revisions"}],"predecessor-version":[{"id":1730,"href":"https:\/\/cirurgiadojoelho.pt\/en\/wp-json\/wp\/v2\/pages\/1567\/revisions\/1730"}],"wp:attachment":[{"href":"https:\/\/cirurgiadojoelho.pt\/en\/wp-json\/wp\/v2\/media?parent=1567"}],"curies":[{"name":"wp","href":"https:\/\/api.w.org\/{rel}","templated":true}]}}